  {"id":11255,"date":"2023-06-22T14:42:51","date_gmt":"2023-06-22T12:42:51","guid":{"rendered":"https:\/\/uni.opole.pl\/honorary-doctors\/"},"modified":"2024-11-22T13:59:02","modified_gmt":"2024-11-22T12:59:02","slug":"honorary-doctors","status":"publish","type":"page","link":"https:\/\/uni.opole.pl\/en\/honorary-doctors\/","title":{"rendered":"Honorary Doctors"},"content":{"rendered":"\t\t<div data-elementor-type=\"wp-page\" data-elementor-id=\"11255\" class=\"elementor elementor-11255 elementor-2790\" data-elementor-post-type=\"page\">\n\t\t\t\t<div class=\"elementor-element elementor-element-7939fa80 e-flex e-con-boxed e-con e-parent\" data-id=\"7939fa80\" data-element_type=\"container\" data-e-type=\"container\" data-settings=\"{&quot;jet_parallax_layout_list&quot;:[]}\">\n\t\t\t\t\t<div class=\"e-con-inner\">\n\t\t\t\t<div class=\"elementor-element elementor-element-c8f8a elementor-widget elementor-widget-heading\" data-id=\"c8f8a\" data-element_type=\"widget\" data-e-type=\"widget\" data-widget_type=\"heading.default\">\n\t\t\t\t<div class=\"elementor-widget-container\">\n\t\t\t\t\t<h1 class=\"elementor-heading-title elementor-size-default\">Honorary Doctors<\/h1>\t\t\t\t<\/div>\n\t\t\t\t<\/div>\n\t\t\t\t\t<\/div>\n\t\t\t\t<\/div>\n\t\t<div class=\"elementor-element elementor-element-6d2f046d e-flex e-con-boxed e-con e-parent\" data-id=\"6d2f046d\" data-element_type=\"container\" data-e-type=\"container\" data-settings=\"{&quot;jet_parallax_layout_list&quot;:[]}\">\n\t\t\t\t\t<div class=\"e-con-inner\">\n\t\t<div class=\"elementor-element elementor-element-5bb58397 e-flex e-con-boxed e-con e-child\" data-id=\"5bb58397\" data-element_type=\"container\" data-e-type=\"container\" data-settings=\"{&quot;jet_parallax_layout_list&quot;:[]}\">\n\t\t\t\t\t<div class=\"e-con-inner\">\n\t\t<div class=\"elementor-element elementor-element-d02f917 e-con-full e-flex e-con e-child\" data-id=\"d02f917\" data-element_type=\"container\" data-e-type=\"container\" data-settings=\"{&quot;jet_parallax_layout_list&quot;:[]}\">\n\t\t\t\t<div class=\"elementor-element elementor-element-8575641 elementor-widget elementor-widget-text-editor\" data-id=\"8575641\" data-element_type=\"widget\" data-e-type=\"widget\" data-widget_type=\"text-editor.default\">\n\t\t\t\t<div class=\"elementor-widget-container\">\n\t\t\t\t\t\t\t\t\t<p>The plaque in the UO&#8217;s Collegium Maius lists 52 distinguished names of honorary doctors of our university.<\/p>\n<p>Doctors honoris causa, which means \u2018doctors for honour\u2019 in Latin, are persons of particular merit in culture, the arts, science or politics. To celebrate these merits, universities confer academic honorary degrees on them. <\/p>\n<p>According to the Regulations of the University of Opole, the title of an honorary doctor can receive a \u201ccreator of scientific, cultural and social achievements of outstanding rank, which set new and significant ways of understanding and reconciliation among people, cultures, communities, and nations, and which expand the horizons of knowledge or culture, and representing the common good of the importance to local or supralocal, as well as a person building a structural base for such actions.\u201d<\/p>\t\t\t\t\t\t\t\t<\/div>\n\t\t\t\t<\/div>\n\t\t\t\t<\/div>\n\t\t<div class=\"elementor-element elementor-element-bc0bce2 e-con-full e-flex e-con e-child\" data-id=\"bc0bce2\" data-element_type=\"container\" data-e-type=\"container\" data-settings=\"{&quot;jet_parallax_layout_list&quot;:[]}\">\n\t\t\t\t<div class=\"elementor-element elementor-element-02e1896 elementor-widget elementor-widget-image\" data-id=\"02e1896\" data-element_type=\"widget\" data-e-type=\"widget\" data-widget_type=\"image.default\">\n\t\t\t\t<div class=\"elementor-widget-container\">\n\t\t\t\t\t\t\t\t\t\t\t\t\t\t\t<img fetchpriority=\"high\" decoding=\"async\" width=\"770\" height=\"431\" src=\"https:\/\/uni.opole.pl\/wp-content\/uploads\/2014-06-11-110941.jpg\" class=\"attachment-large size-large wp-image-14411\" alt=\"\" srcset=\"https:\/\/uni.opole.pl\/wp-content\/uploads\/2014-06-11-110941.jpg 770w, https:\/\/uni.opole.pl\/wp-content\/uploads\/2014-06-11-110941-768x430.jpg 768w\" sizes=\"(max-width: 770px) 100vw, 770px\" \/>\t\t\t\t\t\t\t\t\t\t\t\t\t\t\t<\/div>\n\t\t\t\t<\/div>\n\t\t\t\t<\/div>\n\t\t\t\t\t<\/div>\n\t\t\t\t<\/div>\n\t\t\t\t\t<\/div>\n\t\t\t\t<\/div>\n\t\t<div class=\"elementor-element elementor-element-1be369df e-flex e-con-boxed e-con e-parent\" data-id=\"1be369df\" data-element_type=\"container\" data-e-type=\"container\" data-settings=\"{&quot;jet_parallax_layout_list&quot;:[]}\">\n\t\t\t\t\t<div class=\"e-con-inner\">\n\t\t<div class=\"elementor-element elementor-element-12c0cf27 e-flex e-con-boxed e-con e-child\" data-id=\"12c0cf27\" data-element_type=\"container\" data-e-type=\"container\" data-settings=\"{&quot;jet_parallax_layout_list&quot;:[]}\">\n\t\t\t\t\t<div class=\"e-con-inner\">\n\t\t\t\t<div class=\"elementor-element elementor-element-0788ec7 elementor-widget elementor-widget-text-editor\" data-id=\"0788ec7\" data-element_type=\"widget\" data-e-type=\"widget\" data-widget_type=\"text-editor.default\">\n\t\t\t\t<div class=\"elementor-widget-container\">\n\t\t\t\t\t\t\t\t\t<p>The title of an honorary doctor can be awarded to a person with no formal education but it should be kept in mind that it is usually bestowed on people with a high social or scholarly status.<\/p>\n<p>The conferral of the title may be requested by the council of the faculty which is authorised to confer the postdoctoral degree. Once the candidature has been approved by the evaluation committee and the senate, a procedure follows, the final outcome of which is an official ceremony that includes the awarding of an honorary doctorate and the delivery of special addresses.  <\/p>\n\t\t\t\t\t\t\t\t<\/div>\n\t\t\t\t<\/div>\n\t\t\t\t\t<\/div>\n\t\t\t\t<\/div>\n\t\t\t\t\t<\/div>\n\t\t\t\t<\/div>\n\t\t<div class=\"elementor-element elementor-element-16ebc416 e-flex e-con-boxed e-con e-parent\" data-id=\"16ebc416\" data-element_type=\"container\" data-e-type=\"container\" data-settings=\"{&quot;jet_parallax_layout_list&quot;:[]}\">\n\t\t\t\t\t<div class=\"e-con-inner\">\n\t\t\t\t\t<\/div>\n\t\t\t\t<\/div>\n\t\t<div class=\"elementor-element elementor-element-5f59109d e-flex e-con-boxed e-con e-parent\" data-id=\"5f59109d\" data-element_type=\"container\" data-e-type=\"container\" data-settings=\"{&quot;jet_parallax_layout_list&quot;:[]}\">\n\t\t\t\t\t<div class=\"e-con-inner\">\n\t\t\t\t<div class=\"elementor-element elementor-element-61edf5ce elementor-widget elementor-widget-heading\" data-id=\"61edf5ce\" data-element_type=\"widget\" data-e-type=\"widget\" data-widget_type=\"heading.default\">\n\t\t\t\t<div class=\"elementor-widget-container\">\n\t\t\t\t\t<p class=\"elementor-heading-title elementor-size-default\">Honorary Doctorates conferred by the Higher School of Pedagogy:<\/p>\t\t\t\t<\/div>\n\t\t\t\t<\/div>\n\t\t\t\t\t<\/div>\n\t\t\t\t<\/div>\n\t\t<div class=\"elementor-element elementor-element-6bbed96d e-flex e-con-boxed e-con e-parent\" data-id=\"6bbed96d\" data-element_type=\"container\" data-e-type=\"container\" data-settings=\"{&quot;jet_parallax_layout_list&quot;:[]}\">\n\t\t\t\t\t<div class=\"e-con-inner\">\n\t\t<div class=\"elementor-element elementor-element-823fbb2 e-flex e-con-boxed e-con e-child\" data-id=\"823fbb2\" data-element_type=\"container\" data-e-type=\"container\" data-settings=\"{&quot;jet_parallax_layout_list&quot;:[]}\">\n\t\t\t\t\t<div class=\"e-con-inner\">\n\t\t\t\t<div class=\"elementor-element elementor-element-a23e30c elementor-widget elementor-widget-text-editor\" data-id=\"a23e30c\" data-element_type=\"widget\" data-e-type=\"widget\" data-widget_type=\"text-editor.default\">\n\t\t\t\t<div class=\"elementor-widget-container\">\n\t\t\t\t\t\t\t\t\t<ul>\n<li><b>Bogdan Suchodolski<\/b><br \/>4 October 1985 <br \/>Laudator: prof. dr hab. Teodor Musio\u0142\n<\/li>\n<li><b>Reinhold Olesch<\/b><br \/>24 October 1990 <br \/>Laudator: prof. dr hab. Feliks Pluta\n<\/li>\n<li><b>Jan J\u00f3zef Trzynadlowski<\/b><br \/>6 May 1993<br \/>Laudator: prof. dr hab. Marian Kaczmarek<\/li>\n<\/ul>\n\t\t\t\t\t\t\t\t<\/div>\n\t\t\t\t<\/div>\n\t\t\t\t\t<\/div>\n\t\t\t\t<\/div>\n\t\t\t\t\t<\/div>\n\t\t\t\t<\/div>\n\t\t<div class=\"elementor-element elementor-element-5e69585 e-flex e-con-boxed e-con e-parent\" data-id=\"5e69585\" data-element_type=\"container\" data-e-type=\"container\" data-settings=\"{&quot;jet_parallax_layout_list&quot;:[]}\">\n\t\t\t\t\t<div class=\"e-con-inner\">\n\t\t\t\t\t<\/div>\n\t\t\t\t<\/div>\n\t\t<div class=\"elementor-element elementor-element-65c47e72 e-flex e-con-boxed e-con e-parent\" data-id=\"65c47e72\" data-element_type=\"container\" data-e-type=\"container\" data-settings=\"{&quot;jet_parallax_layout_list&quot;:[]}\">\n\t\t\t\t\t<div class=\"e-con-inner\">\n\t\t\t\t<div class=\"elementor-element elementor-element-4248ed9f elementor-widget elementor-widget-heading\" data-id=\"4248ed9f\" data-element_type=\"widget\" data-e-type=\"widget\" data-widget_type=\"heading.default\">\n\t\t\t\t<div class=\"elementor-widget-container\">\n\t\t\t\t\t<p class=\"elementor-heading-title elementor-size-default\">Honorary Doctorates conferred by the University of Opole:<\/p>\t\t\t\t<\/div>\n\t\t\t\t<\/div>\n\t\t\t\t\t<\/div>\n\t\t\t\t<\/div>\n\t\t<div class=\"elementor-element elementor-element-3a601360 e-flex e-con-boxed e-con e-parent\" data-id=\"3a601360\" data-element_type=\"container\" data-e-type=\"container\" data-settings=\"{&quot;jet_parallax_layout_list&quot;:[]}\">\n\t\t\t\t\t<div class=\"e-con-inner\">\n\t\t<div class=\"elementor-element elementor-element-552c9daf e-flex e-con-boxed e-con e-child\" data-id=\"552c9daf\" data-element_type=\"container\" data-e-type=\"container\" data-settings=\"{&quot;jet_parallax_layout_list&quot;:[]}\">\n\t\t\t\t\t<div class=\"e-con-inner\">\n\t\t\t\t<div class=\"elementor-element elementor-element-46b774f elementor-widget elementor-widget-text-editor\" data-id=\"46b774f\" data-element_type=\"widget\" data-e-type=\"widget\" data-widget_type=\"text-editor.default\">\n\t\t\t\t<div class=\"elementor-widget-container\">\n\t\t\t\t\t\t\t\t\t<ul>\n<li>\n<p><b>Archbishop Alfons Nossol <\/b><br \/>18 May 1995<br \/>Laudator: prof. dr hab. Jerzy Po\u015bpiech<\/p>\n<\/li>\n<li>\n<p align=\"LEFT\"><b>Gerhard Nickel<\/b><br \/>22 October 1996<br \/>Laudator: prof. dr hab. Franciszek Marek<\/p>\n<\/li>\n<li>\n<p align=\"LEFT\"><b>Kazimierz Kutz<\/b><br \/>10 March 1997<br \/>Laudator: prof. dr hab. Marian Marek Drozdowski<\/p>\n<\/li>\n<li>\n<p align=\"LEFT\"><b>Stanis\u0142aw Lem<\/b><br \/>8 December 1997<br \/>Laudator: prof. dr hab. Wies\u0142aw \u0141ukaszewski<\/p>\n<\/li>\n<li>\n<p align=\"LEFT\"><b>Ryszard Kaczorowski<\/b><br \/>10 March 1998<br \/>Laudator: prof. dr hab. Stanis\u0142aw S\u0142awomir Nicieja<\/p>\n<\/li>\n<li>\n<p align=\"LEFT\"><b>Wojciech Kilar<\/b><br \/>10 March 1998<br \/>Laudator: prof. dr hab. Stanis\u0142aw S\u0142awomir Nicieja<\/p>\n<\/li>\n<li>\n<p align=\"LEFT\"><b>Tadeusz R\u00f3\u017cewicz<\/b><br \/>10 March 2000<br \/>Laudator: prof. dr hab. Dorota Simonides<\/p>\n<\/li>\n<li>\n<p align=\"LEFT\"><b>Janusz Tazbir<\/b><br \/>10 March 2000<br \/>Laudator: prof. dr hab. Stanis\u0142aw Gajda<\/p>\n<\/li>\n<li>\n<p align=\"LEFT\"><b>Adam Hanuszkiewicz<\/b><br \/>9 March. 2001<br \/>Laudator: prof. dr hab. Piotr Obr\u0105czka<\/p>\n<\/li>\n<li>\n<p align=\"LEFT\"><b>Wojciech Wrzesi\u0144ski<\/b><br \/>17 May 2001<br \/>Laudator: prof. dr hab. Stanis\u0142aw S. Nicieja<\/p>\n<\/li>\n<li>\n<p align=\"LEFT\"><b>Jaroslav Panek<\/b><br \/>17 May 2001<br \/>Laudator: prof. dr hab. Jan Seredyka<\/p>\n<\/li>\n<li>\n<p align=\"LEFT\"><b>Cardinal Miloslav Vlk  <\/b><br \/>24 January 2002<br \/>Laudator: Rev. prof. dr hab.   Kazimierz Dola<\/p>\n<\/li>\n<li>\n<p align=\"LEFT\"><b>Cardinal Karl Lehmann  <\/b><br \/>24 January 2002<br \/>Laudator: Rev. prof. dr hab.   Helmut Sobeczko<\/p>\n<\/li>\n<li>\n<p align=\"LEFT\"><b>Zbigniew Religa<\/b><br \/>11 March 2002<br \/>Laudator: prof. dr hab. Stanis\u0142aw S\u0142awomir Nicieja<\/p>\n<\/li>\n<li>\n<p align=\"LEFT\"><b>Hendrik Foth <\/b><br \/>11 March 2002<br \/>Laudator: prof. dr hab. Stanis\u0142aw S\u0142awomir Nicieja<\/p>\n<\/li>\n<li>\n<p align=\"LEFT\"><b>Micha\u0142 G\u0142owi\u0144ski <\/b><br \/>10 March 2003<br \/>Laudator: prof. dr hab. Zdzis\u0142aw Piasecki<\/p>\n<\/li>\n<li>\n<p align=\"LEFT\"><b>Kazimierz Pola\u0144ski <\/b><br \/>10 March 2003<br \/>Laudator: prof. dr hab. Stanis\u0142aw Gajda<\/p>\n<\/li>\n<li>\n<p align=\"LEFT\"><b>Pope John Paul II<\/b><br \/>17 February 2004<br \/>Laudator: Rev. prof. dr hab.   Helmut Sobeczko<\/p>\n<\/li>\n<li>\n<p><b>Zbigniew Kwieci\u0144ski <\/b><br \/>22 April 2004<br \/>Laudator: prof. dr hab. Teresa Borowska<\/p>\n<\/li>\n<li>\n<p><b>Tadeusz Lewowicki <\/b><br \/>22 April 2004<br \/>Laudator: prof.  dr hab. J\u00f3zefa Br\u0105giel<\/p>\n<\/li>\n<li>\n<p><b>Jacek Fisiak<\/b><br \/>10 March 2005<br \/>Laudator: dr hab. Andrzej Ciuk, prof.  UO<\/p>\n<\/li>\n<li>\n<p><b>Hubert Or\u0142owski<\/b><br \/>10 March 2005<br \/>Laudator: dr hab. prof. UO Maria Katarzyna Lasatowicz<\/p>\n<\/li>\n<li>\n<p><b>Jan Miodek <\/b><br \/>10 March 2006<br \/>Laudator: prof. dr hab. Bogus\u0142aw Wyderka<\/p>\n<\/li>\n<li>\n<p><b>Jerzy Janicki <\/b><br \/>10 March 2006<br \/>Laudator: prof. dr hab. Stanis\u0142aw S\u0142awomir Nicieja<\/p>\n<\/li>\n<li>\n<p><b>Hans-Gert P\u00f6ttering<\/b><br \/>10 March 2007<br \/>Laudator: Rev. prof. dr hab.   Stanis\u0142aw Rabiej<\/p>\n<\/li>\n<li>\n<p><b>Cardinal Walter Kasper<\/b><br \/>10 March 2007<br \/>Laudator: Rev. prof. dr hab.   Piotr Jask\u00f3\u0142a<\/p>\n<\/li>\n<li>\n<p><b>W\u0142adys\u0142aw Bartoszewski<\/b><br \/>10 March 2008<br \/>Laudator: prof. dr hab. Stanis\u0142aw S\u0142awomir Nicieja<\/p>\n<\/li>\n<li>\n<p><b>Dorota Simonides<\/b><br \/>10 March 2008<br \/>Laudator: prof. dr hab. Piotr Kowalski<\/p>\n<\/li>\n<li>\n<p><b>Ryszard Nycz<\/b><br \/>6 June 2008<br \/>Laudator: prof. dr hab. Irena Jokiel<\/p>\n<\/li>\n<li>\n<p><b>Wies\u0142aw My\u015bliwski<\/b><br \/>10 March 2009<br \/>Laudator: dr hab. prof. UO El\u017cbieta D\u0105browska<\/p>\n<\/li>\n<li>\n<p><b>prof. dr hab.  Henryk Samsonowicz<\/b><br \/>10 March 2009<br \/>Laudator: prof. dr hab. Stanis\u0142aw S\u0142awomir Nicieja<\/p>\n<\/li>\n<li>\n<p><b>prof. Krzysztof Zanussi<\/b><br \/>5 March 2010<br \/>Laudator: Rev. dr hab. Marek Lis<\/p>\n<\/li>\n<\/ul>\n<ul>\n<li>\n<p><b>Lech Wa\u0142\u0119sa<\/b><br \/>10 March 2011<br \/>Laudator: prof. dr hab. Teresa Kulak<\/p>\n<\/li>\n<\/ul>\n<ul>\n<li>\n<p><b>Rolf Fieguth<\/b><br \/>10 July 2012<br \/>Laudator: prof. dr hab. Alina Nowicka-Je\u017cowa<\/p>\n<\/li>\n<\/ul>\n<ul>\n<li>\n<p><b>Byung Kwon Cheong<\/b><br \/>10 July 2012<br \/>Laudator: dr hab. prof. UO Dorota Brzozowska<\/p>\n<\/li>\n<li>\n<p><b>Daniel Olbrychski<\/b><br \/>11 March 2013<br \/>Laudator: prof. dr hab. Stanis\u0142aw S\u0142awomir Nicieja<\/p>\n<\/li>\n<\/ul>\n<ul>\n<li>\n<p><b>Fr. Wac\u0142aw Hryniewicz <\/b><br \/>30 October 2014<br \/>Laudator: Rev. prof. dr hab.   Piotr Jask\u00f3\u0142a<\/p>\n<\/li>\n<li>\n<p><b>Fr. Stanis\u0142aw Celestyn Napi\u00f3rkowski <\/b><br \/>30 October 2014<br \/>Laudator: Rev. Bp dr hab.  prof. UO Andrzej Czaja<\/p>\n<\/li>\n<\/ul>\n<ul>\n<li>\n<p><b>Franciszek Grucza<\/b><br \/>10 March 2015<br \/>Laudator: dr hab. prof. UO Maria Katarzyna Lasatowicz<\/p>\n<\/li>\n<\/ul>\n<ul>\n<li>\n<p><b>Marceli Kosman<br \/><\/b>10 March 2017<br \/>Laudator: prof. dr hab. Stanis\u0142aw S\u0142awomir Nicieja<\/p>\n<\/li>\n<\/ul>\n<ul>\n<li>\n<p><b>Tomasz Szarota<br \/><\/b>10 March 2017<br \/>Laudator: prof. dr hab. Stanis\u0142aw S\u0142awomir Nicieja<\/p>\n<\/li>\n<\/ul>\n<ul>\n<li>\n<p><b>Franciszek Kokot<br \/><\/b>11 October 2017<br \/>Laudator: prof. dr hab. n. med. Marian Zembala  <\/p>\n<\/li>\n<\/ul>\n<ul>\n<li>\n<p><b>Pawe\u0142 Kafarski<br \/><\/b>9 March 2018<br \/>Laudator: dr hab. prof. UO Jacek Lipok<\/p>\n<\/li>\n<\/ul>\n<ul>\n<li>\n<p><b>Lech Borowiec<br \/><\/b>10 March 2020<br \/>Laudator: prof. dr hab. Tadeusz Zatwarnicki<\/p>\n<\/li>\n<\/ul>\n<ul>\n<li>\n<p><b>Jana Hoffmannova<\/b><br \/>10 March 2022<br \/>Laudator: prof. dr hab. Jolanta Noco\u0144<\/p>\n<\/li>\n<\/ul>\n<ul>\n<li>\n<p><b>Julian Kornhauser<br \/><\/b>10 March 2022<br \/>Laudator: dr hab. prof.  UO Adrian Gle\u0144<\/p>\n<\/li>\n<li>\n<p><b>Rev. Cardinal Kurt Koch <\/b><br \/>3 June 2022<br \/>Laudator: ks. prof. dr hab. prof. dr hab.  Zygfryd Glaeser<\/p>\n<\/li>\n<\/ul>\n<ul>\n<li>\n<p><b>Andrzej Antoszewski<\/b><br \/>10 March 2023<br \/>Laudator: prof. dr hab. Krzysztof Zuba<\/p>\n<\/li>\n<li><strong>prof. Franciszek Marek<\/strong><br \/>7 March 2024<br \/>Laudator: prof. dr hab. Anna Pob\u00f3g-Lenartowicz<\/li>\n<\/ul>\n\t\t\t\t\t\t\t\t<\/div>\n\t\t\t\t<\/div>\n\t\t\t\t\t<\/div>\n\t\t\t\t<\/div>\n\t\t\t\t\t<\/div>\n\t\t\t\t<\/div>\n\t\t<div class=\"elementor-element elementor-element-2b0f9b16 e-flex e-con-boxed e-con e-parent\" data-id=\"2b0f9b16\" data-element_type=\"container\" data-e-type=\"container\" data-settings=\"{&quot;jet_parallax_layout_list&quot;:[]}\">\n\t\t\t\t\t<div class=\"e-con-inner\">\n\t\t\t\t\t<\/div>\n\t\t\t\t<\/div>\n\t\t\t\t<\/div>\n\t\t","protected":false},"excerpt":{"rendered":"<p>Honorary Doctors The plaque in the UO&#8217;s Collegium Maius lists 52 distinguished names of honorary doctors of our university. Doctors honoris causa, which means \u2018doctors for honour\u2019 in Latin, are persons of particular merit in culture, the arts, science or politics. To celebrate these merits, universities confer academic honorary degrees on them. According to the [&hellip;]<\/p>\n","protected":false},"author":5,"featured_media":0,"parent":0,"menu_order":0,"comment_status":"closed","ping_status":"closed","template":"","meta":{"footnotes":""},"class_list":["post-11255","page","type-page","status-publish","hentry"],"_links":{"self":[{"href":"https:\/\/uni.opole.pl\/en\/wp-json\/wp\/v2\/pages\/11255","targetHints":{"allow":["GET"]}}],"collection":[{"href":"https:\/\/uni.opole.pl\/en\/wp-json\/wp\/v2\/pages"}],"about":[{"href":"https:\/\/uni.opole.pl\/en\/wp-json\/wp\/v2\/types\/page"}],"author":[{"embeddable":true,"href":"https:\/\/uni.opole.pl\/en\/wp-json\/wp\/v2\/users\/5"}],"replies":[{"embeddable":true,"href":"https:\/\/uni.opole.pl\/en\/wp-json\/wp\/v2\/comments?post=11255"}],"version-history":[{"count":1,"href":"https:\/\/uni.opole.pl\/en\/wp-json\/wp\/v2\/pages\/11255\/revisions"}],"predecessor-version":[{"id":16255,"href":"https:\/\/uni.opole.pl\/en\/wp-json\/wp\/v2\/pages\/11255\/revisions\/16255"}],"wp:attachment":[{"href":"https:\/\/uni.opole.pl\/en\/wp-json\/wp\/v2\/media?parent=11255"}],"curies":[{"name":"wp","href":"https:\/\/api.w.org\/{rel}","templated":true}]}}